{"id":793,"date":"2015-10-23T11:11:54","date_gmt":"2015-10-23T09:11:54","guid":{"rendered":"http:\/\/www.gimaspa.com\/servizio-accessori-per-forme-di-calzature-2\/"},"modified":"2025-04-15T09:19:00","modified_gmt":"2025-04-15T07:19:00","slug":"shoe-last-accessories","status":"publish","type":"page","link":"https:\/\/www.gimaspa.com\/en\/shoe-last-accessories\/","title":{"rendered":"Shoe last accessories"},"content":{"rendered":"<div class=\"wpb-content-wrapper\"><p>[vc_row el_class=&#8221;Normal&#8221;][vc_column][vc_column_text]<\/p>\n<h1>SHOE LASTS ACCESSORIES<\/h1>\n<h2>Professional implementation and customized products for last-makers<\/h2>\n<p>[\/vc_column_text][vc_row_inner][vc_column_inner width=&#8221;2\/3&#8243;][vc_column_text]Located in one of the most historical and important areas of the Italian Footwear Industry, Gima S.p.A. has stood out in accessories for\u00a0<strong>shoe last makers<\/strong>\u00a0since decades. The experience in metalworking and sheet metal forming allowed Gima S.p.A. to become the major supplier for last producers all over the world. Several customers, among others, are form India, Mexico, Portugal, Ethiopia, Turkey, South America and Australia.<\/p>\n<p>As shown in the video, inside the <strong>shoe last<\/strong> there are several <strong>metal compontents<\/strong> which provide to its articulation. Moreover, on the bottom of the shoe last a <strong>sheared plate<\/strong> is applied, with specific dimensions and features for each shoe.<\/p>\n<p>Over time, the company has specialised itself in the construction of the metal parts used for lasts production, featuring a high mechanical quality.<\/p>\n<div class=\"pulisci\"><\/div>\n<p>[\/vc_column_text][\/vc_column_inner][vc_column_inner width=&#8221;1\/3&#8243;]<div id=\"ultimate-video-88916a046fd1985e1\" class=\"ult-video  ult-adjust-bottom-margin ultimate-video-88916a046fd1985e1 ultv-3247 \"><div class=\"ultv-video ultv-aspect-ratio-16_9 ultv-subscribe-responsive-none\" data-videotype=\"uv_iframe\">\n\t\t\t\t\t\t<div class=\"ultv-video__outer-wrap\" data-autoplay=\"0\" data-device=\"false\"  data-iconbg=\"#3A3A3A\" data-overcolor=\"\" data-defaultbg=\"#1f1f1e\" data-defaultplay=\"defaulticon\"><div class=\"ultv-video__play\" data-src=\"https:\/\/www.youtube.com\/embed\/9GmXqxwoXBU?rel=0&#038;start&#038;end&#038;controls=1&#038;mute=0&#038;modestbranding=1&#038;autoplay=1\">\n\t\t\t\t\t\t\t\t<img decoding=\"async\" class=\"ultv-video__thumb\" src=\"https:\/\/www.gimaspa.com\/gima\/wp-content\/uploads\/2012\/02\/calzature.jpg\"\/>\n\t\t\t\t\t\t\t\t<div class=\"ultv-video__play-icon  ultv-animation-none\" style=\"width:75px\"><svg height=\"100%\" version=\"1.1\" viewBox=\"0 0 68 48\" width=\"100%\"><path class=\"ultv-youtube-icon-bg\" d=\"m .66,37.62 c 0,0 .66,4.70 2.70,6.77 2.58,2.71 5.98,2.63 7.49,2.91 5.43,.52 23.10,.68 23.12,.68 .00,-1.3e-5 14.29,-0.02 23.81,-0.71 1.32,-0.15 4.22,-0.17 6.81,-2.89 2.03,-2.07 2.70,-6.77 2.70,-6.77 0,0 .67,-5.52 .67,-11.04 l 0,-5.17 c 0,-5.52 -0.67,-11.04 -0.67,-11.04 0,0 -0.66,-4.70 -2.70,-6.77 C 62.03,.86 59.13,.84 57.80,.69 48.28,0 34.00,0 34.00,0 33.97,0 19.69,0 10.18,.69 8.85,.84 5.95,.86 3.36,3.58 1.32,5.65 .66,10.35 .66,10.35 c 0,0 -0.55,4.50 -0.66,9.45 l 0,8.36 c .10,4.94 .66,9.45 .66,9.45 z\" fill=\"#1f1f1e\" ><\/path><path d=\"m 26.96,13.67 18.37,9.62 -18.37,9.55 -0.00,-19.17 z\" fill=\"#fff\"><\/path><path d=\"M 45.02,23.46 45.32,23.28 26.96,13.67 43.32,22.34 45.02,23.46 z\" fill=\"#ccc\"><\/path><\/svg><\/div> <\/div> <\/div><\/div><\/div>[\/vc_column_inner][\/vc_row_inner][\/vc_column][\/vc_row][vc_row][vc_column][vc_tour][vc_tab title=&#8221;Spring OT58 \u00d88mm&#8221; tab_id=&#8221;5b812236-25a7-7&#8243;][vc_column_text]<\/p>\n<h3>Spring OT58 \u00d88mm<\/h3>\n<p><img decoding=\"async\" class=\"FotoTZ\" src=\"https:\/\/www.gimaspa.com\/gima\/wp-content\/uploads\/2015\/10\/molletta.jpg\" alt=\"Mollette in acciaio\" \/>[\/vc_column_text][\/vc_tab][vc_tab title=&#8221;Steel spring with plate&#8221; tab_id=&#8221;c047ec68-03fc-5&#8243;][vc_column_text]<\/p>\n<h3>Steel spring with plate<\/h3>\n<p><img decoding=\"async\" class=\"FotoTZ\" src=\"https:\/\/www.gimaspa.com\/gima\/wp-content\/uploads\/2015\/10\/snodo-tendo-completo1.jpg\" alt=\"Snodo tendo\" \/>[\/vc_column_text][\/vc_tab][vc_tab title=&#8221;Alfa steel spring&#8221; tab_id=&#8221;1444921684720-2-10&#8243;][vc_column_text]<\/p>\n<h3>Alfa steel spring<\/h3>\n<p><img decoding=\"async\" class=\"FotoTZ\" src=\"https:\/\/www.gimaspa.com\/gima\/wp-content\/uploads\/2015\/10\/alfa1.jpg\" alt=\"Molle acciaio alfa\" \/>[\/vc_column_text][\/vc_tab][vc_tab title=&#8221;Pivot pin \u00d87, \u00d86, \u00d85&#8243; tab_id=&#8221;1444921746238-3-8&#8243;][vc_column_text]<\/p>\n<h3>Pivot pin \u00d87, \u00d86, \u00d85<\/h3>\n<p><img decoding=\"async\" class=\"FotoTZ\" src=\"https:\/\/www.gimaspa.com\/gima\/wp-content\/uploads\/2015\/10\/perni.jpg\" alt=\"Perni acciaio\" \/>[\/vc_column_text][\/vc_tab][vc_tab title=&#8221;Spring american type complete&#8221; tab_id=&#8221;1444921814263-4-7&#8243;][vc_column_text]<\/p>\n<h3>Spring american type complete<\/h3>\n<p><img decoding=\"async\" class=\"FotoTZ\" src=\"https:\/\/www.gimaspa.com\/gima\/wp-content\/uploads\/2015\/10\/Molle-snodo-tipo-America-completo.jpg\" alt=\"Snodo America\" \/>[\/vc_column_text][\/vc_tab][vc_tab title=&#8221;Plate for direct injection and insert&#8221; tab_id=&#8221;1446145393764-5-2&#8243;][vc_column_text]<\/p>\n<h3>Plate for direct injection and insert<\/h3>\n<p><img decoding=\"async\" class=\"FotoTZ\" src=\"https:\/\/www.gimaspa.com\/gima\/wp-content\/uploads\/2015\/10\/nserto-a-piastra-a-iniezione-diretta.jpg\" alt=\"Inserto a piastra in acciaio a iniezione diretta\" \/>[\/vc_column_text][\/vc_tab][vc_tab title=&#8221;Forged busching \u00d810 and \u00d812&#8243; tab_id=&#8221;1446145420479-6-6&#8243;][vc_column_text]<\/p>\n<h3>Forged busching \u00d810 and \u00d812<\/h3>\n<p><img decoding=\"async\" class=\"FotoTZ\" src=\"https:\/\/www.gimaspa.com\/gima\/wp-content\/uploads\/2015\/10\/Bussole.jpg\" alt=\"Bussole \u00d810 e \u00d812mm acciaio\" \/>[\/vc_column_text][\/vc_tab][vc_tab title=&#8221;Sheared forms&#8221; tab_id=&#8221;1446145483373-7-8&#8243;][vc_column_text]<\/p>\n<h3>Sheared forms<\/h3>\n<p><img decoding=\"async\" class=\"FotoTZ\" src=\"https:\/\/www.gimaspa.com\/gima\/wp-content\/uploads\/2015\/10\/Lamiera-tranciata.jpg\" alt=\"esempi Lamiera tranciata\" \/>[\/vc_column_text][\/vc_tab][vc_tab title=&#8221;Pipe tensioner for shoe-trees&#8221; tab_id=&#8221;1446145550705-8-10&#8243;][vc_column_text]<\/p>\n<h3>Pipe tensioner for shoe-trees<\/h3>\n<p><a class=\"dt-pswp-item\" href=\"https:\/\/www.gimaspa.com\/gima\/wp-content\/uploads\/2015\/10\/Tubo-tendiscarpa.jpg\" data-dt-img-description=\"\" data-large_image_width=\"700\" data-large_image_height=\"562\"><img loading=\"lazy\" decoding=\"async\" class=\"alignright size-medium wp-image-562\" src=\"https:\/\/www.gimaspa.com\/gima\/wp-content\/uploads\/2015\/10\/Tubo-tendiscarpa-300x241.jpg\" alt=\"tubo tendiscarpa acciaio - accessori forme per calzature Gima Spa\" width=\"300\" height=\"241\" srcset=\"https:\/\/www.gimaspa.com\/gima\/wp-content\/uploads\/2015\/10\/Tubo-tendiscarpa-300x241.jpg 300w, https:\/\/www.gimaspa.com\/gima\/wp-content\/uploads\/2015\/10\/Tubo-tendiscarpa.jpg 700w\" sizes=\"auto, (max-width: 300px) 100vw, 300px\" \/><\/a>[\/vc_column_text][\/vc_tab][\/vc_tour][vc_column_text]Contact us for a complete and detailed price list of products available for last makers.[\/vc_column_text][\/vc_column][\/vc_row]<\/p>\n<\/div>","protected":false},"excerpt":{"rendered":"<p>[vc_row el_class=&#8221;Normal&#8221;][vc_column][vc_column_text] SHOE LASTS ACCESSORIES Professional implementation and customized products for last-makers [\/vc_column_text][vc_row_inner][vc_column_inner width=&#8221;2\/3&#8243;][vc_column_text]Located in one of the most historical and important areas of the Italian Footwear Industry, Gima S.p.A. has stood out in accessories for\u00a0shoe last makers\u00a0since decades. The experience in metalworking and sheet metal forming allowed Gima S.p.A. to become the major supplier&hellip;<\/p>\n","protected":false},"author":2,"featured_media":0,"parent":0,"menu_order":0,"comment_status":"closed","ping_status":"closed","template":"","meta":{"footnotes":""},"class_list":["post-793","page","type-page","status-publish","hentry","description-off"],"yoast_head":"<!-- This site is optimized with the Yoast SEO plugin v24.9 - https:\/\/yoast.com\/wordpress\/plugins\/seo\/ -->\n<title>Shoe last accessories - Gima Spa<\/title>\n<meta name=\"description\" content=\"Shoe last accessories and products for shoe last makers like springs, plates and sheared forms.\" \/>\n<meta name=\"robots\" content=\"index, follow, max-snippet:-1, max-image-preview:large, max-video-preview:-1\" \/>\n<link rel=\"canonical\" href=\"https:\/\/www.gimaspa.com\/en\/shoe-last-accessories\/\" \/>\n<meta property=\"og:locale\" content=\"en_US\" \/>\n<meta property=\"og:type\" content=\"article\" \/>\n<meta property=\"og:title\" content=\"Shoe last accessories - Gima Spa\" \/>\n<meta property=\"og:description\" content=\"Shoe last accessories and products for shoe last makers like springs, plates and sheared forms.\" \/>\n<meta property=\"og:url\" content=\"https:\/\/www.gimaspa.com\/en\/shoe-last-accessories\/\" \/>\n<meta property=\"og:site_name\" content=\"Lavorazioni Meccaniche conto terzi - Gima S.p.A.\" \/>\n<meta property=\"article:publisher\" content=\"https:\/\/www.facebook.com\/gimaspa\/?fref=ts\" \/>\n<meta property=\"article:modified_time\" content=\"2025-04-15T07:19:00+00:00\" \/>\n<meta property=\"og:image\" content=\"https:\/\/www.gimaspa.com\/gima\/wp-content\/uploads\/2015\/10\/molletta.jpg\" \/>\n<meta name=\"twitter:card\" content=\"summary_large_image\" \/>\n<meta name=\"twitter:label1\" content=\"Est. reading time\" \/>\n\t<meta name=\"twitter:data1\" content=\"4 minutes\" \/>\n<script type=\"application\/ld+json\" class=\"yoast-schema-graph\">{\"@context\":\"https:\/\/schema.org\",\"@graph\":[{\"@type\":\"WebPage\",\"@id\":\"https:\/\/www.gimaspa.com\/en\/shoe-last-accessories\/\",\"url\":\"https:\/\/www.gimaspa.com\/en\/shoe-last-accessories\/\",\"name\":\"Shoe last accessories - Gima Spa\",\"isPartOf\":{\"@id\":\"https:\/\/www.gimaspa.com\/en\/#website\"},\"primaryImageOfPage\":{\"@id\":\"https:\/\/www.gimaspa.com\/en\/shoe-last-accessories\/#primaryimage\"},\"image\":{\"@id\":\"https:\/\/www.gimaspa.com\/en\/shoe-last-accessories\/#primaryimage\"},\"thumbnailUrl\":\"https:\/\/www.gimaspa.com\/gima\/wp-content\/uploads\/2015\/10\/molletta.jpg\",\"datePublished\":\"2015-10-23T09:11:54+00:00\",\"dateModified\":\"2025-04-15T07:19:00+00:00\",\"description\":\"Shoe last accessories and products for shoe last makers like springs, plates and sheared forms.\",\"breadcrumb\":{\"@id\":\"https:\/\/www.gimaspa.com\/en\/shoe-last-accessories\/#breadcrumb\"},\"inLanguage\":\"en-US\",\"potentialAction\":[{\"@type\":\"ReadAction\",\"target\":[\"https:\/\/www.gimaspa.com\/en\/shoe-last-accessories\/\"]}]},{\"@type\":\"ImageObject\",\"inLanguage\":\"en-US\",\"@id\":\"https:\/\/www.gimaspa.com\/en\/shoe-last-accessories\/#primaryimage\",\"url\":\"https:\/\/www.gimaspa.com\/gima\/wp-content\/uploads\/2015\/10\/molletta.jpg\",\"contentUrl\":\"https:\/\/www.gimaspa.com\/gima\/wp-content\/uploads\/2015\/10\/molletta.jpg\"},{\"@type\":\"BreadcrumbList\",\"@id\":\"https:\/\/www.gimaspa.com\/en\/shoe-last-accessories\/#breadcrumb\",\"itemListElement\":[{\"@type\":\"ListItem\",\"position\":1,\"name\":\"Home\",\"item\":\"https:\/\/www.gimaspa.com\/en\/\"},{\"@type\":\"ListItem\",\"position\":2,\"name\":\"Shoe last accessories\"}]},{\"@type\":\"WebSite\",\"@id\":\"https:\/\/www.gimaspa.com\/en\/#website\",\"url\":\"https:\/\/www.gimaspa.com\/en\/\",\"name\":\"Lavorazioni Meccaniche conto terzi - Gima S.p.A.\",\"description\":\"Tornitura, tranciatura lamiera, stampaggio a freddo e costruzione stampi\",\"publisher\":{\"@id\":\"https:\/\/www.gimaspa.com\/en\/#organization\"},\"potentialAction\":[{\"@type\":\"SearchAction\",\"target\":{\"@type\":\"EntryPoint\",\"urlTemplate\":\"https:\/\/www.gimaspa.com\/en\/?s={search_term_string}\"},\"query-input\":{\"@type\":\"PropertyValueSpecification\",\"valueRequired\":true,\"valueName\":\"search_term_string\"}}],\"inLanguage\":\"en-US\"},{\"@type\":\"Organization\",\"@id\":\"https:\/\/www.gimaspa.com\/en\/#organization\",\"name\":\"Gima Spa\",\"url\":\"https:\/\/www.gimaspa.com\/en\/\",\"logo\":{\"@type\":\"ImageObject\",\"inLanguage\":\"en-US\",\"@id\":\"https:\/\/www.gimaspa.com\/en\/#\/schema\/logo\/image\/\",\"url\":\"https:\/\/www.gimaspa.com\/gima\/wp-content\/uploads\/2016\/01\/gima-spa-lavorazioni-meccaniche-immagine-profilo-Google-.jpg\",\"contentUrl\":\"https:\/\/www.gimaspa.com\/gima\/wp-content\/uploads\/2016\/01\/gima-spa-lavorazioni-meccaniche-immagine-profilo-Google-.jpg\",\"width\":250,\"height\":250,\"caption\":\"Gima Spa\"},\"image\":{\"@id\":\"https:\/\/www.gimaspa.com\/en\/#\/schema\/logo\/image\/\"},\"sameAs\":[\"https:\/\/www.facebook.com\/gimaspa\/?fref=ts\",\"https:\/\/www.linkedin.com\/company\/10284436?trk=tyah&amp;amp;trkInfo=clickedVertical:company,clickedEntityId:10284436,idx:2-3-4,tarId:1452873333150,tas:gimas\",\"https:\/\/www.youtube.com\/channel\/UClo30tHMzqcNFKkQjpK0lRg\"]}]}<\/script>\n<!-- \/ Yoast SEO plugin. -->","yoast_head_json":{"title":"Shoe last accessories - Gima Spa","description":"Shoe last accessories and products for shoe last makers like springs, plates and sheared forms.","robots":{"index":"index","follow":"follow","max-snippet":"max-snippet:-1","max-image-preview":"max-image-preview:large","max-video-preview":"max-video-preview:-1"},"canonical":"https:\/\/www.gimaspa.com\/en\/shoe-last-accessories\/","og_locale":"en_US","og_type":"article","og_title":"Shoe last accessories - Gima Spa","og_description":"Shoe last accessories and products for shoe last makers like springs, plates and sheared forms.","og_url":"https:\/\/www.gimaspa.com\/en\/shoe-last-accessories\/","og_site_name":"Lavorazioni Meccaniche conto terzi - Gima S.p.A.","article_publisher":"https:\/\/www.facebook.com\/gimaspa\/?fref=ts","article_modified_time":"2025-04-15T07:19:00+00:00","og_image":[{"url":"https:\/\/www.gimaspa.com\/gima\/wp-content\/uploads\/2015\/10\/molletta.jpg","type":"","width":"","height":""}],"twitter_card":"summary_large_image","twitter_misc":{"Est. reading time":"4 minutes"},"schema":{"@context":"https:\/\/schema.org","@graph":[{"@type":"WebPage","@id":"https:\/\/www.gimaspa.com\/en\/shoe-last-accessories\/","url":"https:\/\/www.gimaspa.com\/en\/shoe-last-accessories\/","name":"Shoe last accessories - Gima Spa","isPartOf":{"@id":"https:\/\/www.gimaspa.com\/en\/#website"},"primaryImageOfPage":{"@id":"https:\/\/www.gimaspa.com\/en\/shoe-last-accessories\/#primaryimage"},"image":{"@id":"https:\/\/www.gimaspa.com\/en\/shoe-last-accessories\/#primaryimage"},"thumbnailUrl":"https:\/\/www.gimaspa.com\/gima\/wp-content\/uploads\/2015\/10\/molletta.jpg","datePublished":"2015-10-23T09:11:54+00:00","dateModified":"2025-04-15T07:19:00+00:00","description":"Shoe last accessories and products for shoe last makers like springs, plates and sheared forms.","breadcrumb":{"@id":"https:\/\/www.gimaspa.com\/en\/shoe-last-accessories\/#breadcrumb"},"inLanguage":"en-US","potentialAction":[{"@type":"ReadAction","target":["https:\/\/www.gimaspa.com\/en\/shoe-last-accessories\/"]}]},{"@type":"ImageObject","inLanguage":"en-US","@id":"https:\/\/www.gimaspa.com\/en\/shoe-last-accessories\/#primaryimage","url":"https:\/\/www.gimaspa.com\/gima\/wp-content\/uploads\/2015\/10\/molletta.jpg","contentUrl":"https:\/\/www.gimaspa.com\/gima\/wp-content\/uploads\/2015\/10\/molletta.jpg"},{"@type":"BreadcrumbList","@id":"https:\/\/www.gimaspa.com\/en\/shoe-last-accessories\/#breadcrumb","itemListElement":[{"@type":"ListItem","position":1,"name":"Home","item":"https:\/\/www.gimaspa.com\/en\/"},{"@type":"ListItem","position":2,"name":"Shoe last accessories"}]},{"@type":"WebSite","@id":"https:\/\/www.gimaspa.com\/en\/#website","url":"https:\/\/www.gimaspa.com\/en\/","name":"Lavorazioni Meccaniche conto terzi - Gima S.p.A.","description":"Tornitura, tranciatura lamiera, stampaggio a freddo e costruzione stampi","publisher":{"@id":"https:\/\/www.gimaspa.com\/en\/#organization"},"potentialAction":[{"@type":"SearchAction","target":{"@type":"EntryPoint","urlTemplate":"https:\/\/www.gimaspa.com\/en\/?s={search_term_string}"},"query-input":{"@type":"PropertyValueSpecification","valueRequired":true,"valueName":"search_term_string"}}],"inLanguage":"en-US"},{"@type":"Organization","@id":"https:\/\/www.gimaspa.com\/en\/#organization","name":"Gima Spa","url":"https:\/\/www.gimaspa.com\/en\/","logo":{"@type":"ImageObject","inLanguage":"en-US","@id":"https:\/\/www.gimaspa.com\/en\/#\/schema\/logo\/image\/","url":"https:\/\/www.gimaspa.com\/gima\/wp-content\/uploads\/2016\/01\/gima-spa-lavorazioni-meccaniche-immagine-profilo-Google-.jpg","contentUrl":"https:\/\/www.gimaspa.com\/gima\/wp-content\/uploads\/2016\/01\/gima-spa-lavorazioni-meccaniche-immagine-profilo-Google-.jpg","width":250,"height":250,"caption":"Gima Spa"},"image":{"@id":"https:\/\/www.gimaspa.com\/en\/#\/schema\/logo\/image\/"},"sameAs":["https:\/\/www.facebook.com\/gimaspa\/?fref=ts","https:\/\/www.linkedin.com\/company\/10284436?trk=tyah&amp;amp;trkInfo=clickedVertical:company,clickedEntityId:10284436,idx:2-3-4,tarId:1452873333150,tas:gimas","https:\/\/www.youtube.com\/channel\/UClo30tHMzqcNFKkQjpK0lRg"]}]}},"_links":{"self":[{"href":"https:\/\/www.gimaspa.com\/en\/wp-json\/wp\/v2\/pages\/793","targetHints":{"allow":["GET"]}}],"collection":[{"href":"https:\/\/www.gimaspa.com\/en\/wp-json\/wp\/v2\/pages"}],"about":[{"href":"https:\/\/www.gimaspa.com\/en\/wp-json\/wp\/v2\/types\/page"}],"author":[{"embeddable":true,"href":"https:\/\/www.gimaspa.com\/en\/wp-json\/wp\/v2\/users\/2"}],"replies":[{"embeddable":true,"href":"https:\/\/www.gimaspa.com\/en\/wp-json\/wp\/v2\/comments?post=793"}],"version-history":[{"count":14,"href":"https:\/\/www.gimaspa.com\/en\/wp-json\/wp\/v2\/pages\/793\/revisions"}],"predecessor-version":[{"id":7146,"href":"https:\/\/www.gimaspa.com\/en\/wp-json\/wp\/v2\/pages\/793\/revisions\/7146"}],"wp:attachment":[{"href":"https:\/\/www.gimaspa.com\/en\/wp-json\/wp\/v2\/media?parent=793"}],"curies":[{"name":"wp","href":"https:\/\/api.w.org\/{rel}","templated":true}]}}